{"id":2628,"date":"2018-01-18T12:49:32","date_gmt":"2018-01-18T12:49:32","guid":{"rendered":"https:\/\/hausarzt-stmoritz.ch\/angebot\/"},"modified":"2022-11-23T14:18:17","modified_gmt":"2022-11-23T12:18:17","slug":"angebot","status":"publish","type":"page","link":"https:\/\/hausarzt-stmoritz.ch\/it\/angebot\/","title":{"rendered":"La nostra offerta"},"content":{"rendered":"<p>[et_pb_section fb_built=&#8221;1&#8243; fullwidth=&#8221;on&#8221; _builder_version=&#8221;4.16&#8243; global_colors_info=&#8221;{}&#8221;][et_pb_fullwidth_image src=&#8221;https:\/\/hausarzt-stmoritz.ch\/wp-content\/uploads\/2017\/12\/header-angebot.jpg&#8221; _builder_version=&#8221;4.16&#8243; global_colors_info=&#8221;{}&#8221;][\/et_pb_fullwidth_image][\/et_pb_section][et_pb_section fb_built=&#8221;1&#8243; _builder_version=&#8221;4.16&#8243; custom_margin=&#8221;|||&#8221; custom_padding=&#8221;10px||0px|&#8221; global_colors_info=&#8221;{}&#8221;][et_pb_row _builder_version=&#8221;4.16&#8243; background_size=&#8221;initial&#8221; background_position=&#8221;top_left&#8221; background_repeat=&#8221;repeat&#8221; custom_margin=&#8221;|||&#8221; custom_padding=&#8221;27px|0px|0px|0px&#8221; global_colors_info=&#8221;{}&#8221; column_structure=&#8221;2_3,1_3&#8243;][et_pb_column type=&#8221;2_3&#8243; _builder_version=&#8221;4.16&#8243; custom_padding=&#8221;0px|||&#8221; global_colors_info=&#8221;{}&#8221; custom_padding__hover=&#8221;|||&#8221;][et_pb_text _builder_version=&#8221;4.16&#8243; text_font=&#8221;|300|||||||&#8221; text_text_color=&#8221;#333a56&#8243; text_font_size=&#8221;28px&#8221; text_line_height=&#8221;1.3em&#8221; saved_tabs=&#8221;all&#8221; global_colors_info=&#8221;{}&#8221;]<\/p>\n<h1>Noi accompagniamo e curiamo i nostri pazienti in tutte le fasi della vita dal neonato agli anziani.<\/h1>\n<p>[\/et_pb_text][\/et_pb_column][et_pb_column type=&#8221;1_3&#8243; _builder_version=&#8221;4.16&#8243; custom_padding=&#8221;|||&#8221; global_colors_info=&#8221;{}&#8221; custom_padding__hover=&#8221;|||&#8221;][\/et_pb_column][\/et_pb_row][et_pb_row _builder_version=&#8221;4.16&#8243; custom_padding=&#8221;27px|0px|0px|0px&#8221; border_color_all=&#8221;#333a56&#8243; saved_tabs=&#8221;all&#8221; global_colors_info=&#8221;{}&#8221; column_structure=&#8221;1_3,1_3,1_3&#8243;][et_pb_column type=&#8221;1_3&#8243; _builder_version=&#8221;4.16&#8243; custom_padding=&#8221;|||&#8221; global_colors_info=&#8221;{}&#8221; custom_padding__hover=&#8221;|||&#8221;][et_pb_image src=&#8221;https:\/\/hausarzt-stmoritz.ch\/wp-content\/uploads\/2017\/12\/Icon_Stethoskop_pink-1.jpg&#8221; align_tablet=&#8221;center&#8221; align_last_edited=&#8221;on|desktop&#8221; _builder_version=&#8221;4.16&#8243; max_width=&#8221;30%&#8221; custom_padding=&#8221;||10px|&#8221; always_center_on_mobile=&#8221;on&#8221; global_colors_info=&#8221;{}&#8221; align_phone=&#8221;center&#8221;][\/et_pb_image][et_pb_text _builder_version=&#8221;4.16&#8243; global_colors_info=&#8221;{}&#8221;]<\/p>\n<h2>Medicina generale e interna<\/h2>\n<p>Prestazioni diagnostiche:<\/p>\n<ul>\n<li>Elettrocardiogramma (ECG)<\/li>\n<li>Ergometria<\/li>\n<li>Defibrillatore<\/li>\n<li>Ossimetria (saturazione di ossigeno nel sangue)<\/li>\n<li>Spirometria<\/li>\n<li>Test dell\u2019udito<\/li>\n<li>Test della vista<\/li>\n<\/ul>\n<p>[\/et_pb_text][\/et_pb_column][et_pb_column type=&#8221;1_3&#8243; _builder_version=&#8221;4.16&#8243; custom_padding=&#8221;|||&#8221; global_colors_info=&#8221;{}&#8221; custom_padding__hover=&#8221;|||&#8221;][et_pb_image src=&#8221;https:\/\/hausarzt-stmoritz.ch\/wp-content\/uploads\/2017\/12\/Icon_Gipsfuss_pink-1.jpg&#8221; align_tablet=&#8221;center&#8221; align_last_edited=&#8221;on|desktop&#8221; _builder_version=&#8221;4.16&#8243; max_width=&#8221;30%&#8221; custom_padding=&#8221;||10px|&#8221; always_center_on_mobile=&#8221;on&#8221; global_colors_info=&#8221;{}&#8221; align_phone=&#8221;center&#8221;][\/et_pb_image][et_pb_text _builder_version=&#8221;4.16&#8243; global_colors_info=&#8221;{}&#8221;]<\/p>\n<h2>Piccola chirurgia<\/h2>\n<p>Piccoli interventi di chirurgia possono essere eseguiti nel nostro studio.<\/p>\n<ul>\n<li>Rimuovere piccole alterazioni della pelle<\/li>\n<li>Controllo e trattamento di ferite acute e croniche<\/li>\n<li>Posizionamento di bendaggi, tape e gessi<\/li>\n<\/ul>\n<p>[\/et_pb_text][\/et_pb_column][et_pb_column type=&#8221;1_3&#8243; _builder_version=&#8221;4.16&#8243; custom_padding=&#8221;|||&#8221; global_colors_info=&#8221;{}&#8221; custom_padding__hover=&#8221;|||&#8221;][et_pb_image src=&#8221;https:\/\/hausarzt-stmoritz.ch\/wp-content\/uploads\/2017\/12\/Icon_Schaukelpferd_pink-1.jpg&#8221; align_tablet=&#8221;center&#8221; align_last_edited=&#8221;on|desktop&#8221; _builder_version=&#8221;4.16&#8243; max_width=&#8221;30%&#8221; custom_padding=&#8221;||10px|&#8221; always_center_on_mobile=&#8221;on&#8221; global_colors_info=&#8221;{}&#8221; align_phone=&#8221;center&#8221;][\/et_pb_image][et_pb_text _builder_version=&#8221;4.16&#8243; global_colors_info=&#8221;{}&#8221;]<\/p>\n<h2>Pediatria<\/h2>\n<p>Seguiamo anche bambini e ragazzi.<\/p>\n<ul>\n<li>Controllo dello sviluppo<\/li>\n<li>Vaccini<\/li>\n<li>In stretta collaborazione con i pediatri dell\u2019Ospedale di Samedan e Coira<\/li>\n<\/ul>\n<p>[\/et_pb_text][\/et_pb_column][\/et_pb_row][et_pb_row _builder_version=&#8221;4.16&#8243; custom_padding=&#8221;27px|0px|0px|0px&#8221; border_color_all=&#8221;#333a56&#8243; saved_tabs=&#8221;all&#8221; global_colors_info=&#8221;{}&#8221; column_structure=&#8221;1_3,1_3,1_3&#8243;][et_pb_column type=&#8221;1_3&#8243; _builder_version=&#8221;4.16&#8243; custom_padding=&#8221;|||&#8221; global_colors_info=&#8221;{}&#8221; custom_padding__hover=&#8221;|||&#8221;][et_pb_image src=&#8221;https:\/\/hausarzt-stmoritz.ch\/wp-content\/uploads\/2017\/12\/Icon_Bacteria_pink-1.jpg&#8221; align_tablet=&#8221;center&#8221; align_last_edited=&#8221;on|desktop&#8221; _builder_version=&#8221;4.16&#8243; max_width=&#8221;30%&#8221; custom_padding=&#8221;||10px|&#8221; always_center_on_mobile=&#8221;on&#8221; global_colors_info=&#8221;{}&#8221; align_phone=&#8221;center&#8221;][\/et_pb_image][et_pb_text _builder_version=&#8221;4.16&#8243; global_colors_info=&#8221;{}&#8221;]<\/p>\n<h2>Laboratorio<\/h2>\n<p>Il nostro laboratorio \u00e8 allestito con apparecchiature all\u2019avanguardia.<\/p>\n<ul>\n<li>Ematologia<\/li>\n<li>Chimica (valori dei reni, cuore, glicemia, fegato, infezioni, ecc.)<\/li>\n<li>INR \/ Quick (valore della coagulazione)<\/li>\n<li>Analisi delle urine<\/li>\n<li>Controlli di qualit\u00e0 esterni monitorati dall` Universit\u00e0 di Zurigo<\/li>\n<\/ul>\n<p>[\/et_pb_text][\/et_pb_column][et_pb_column type=&#8221;1_3&#8243; _builder_version=&#8221;4.16&#8243; custom_padding=&#8221;|||&#8221; global_colors_info=&#8221;{}&#8221; custom_padding__hover=&#8221;|||&#8221;][et_pb_image src=&#8221;https:\/\/hausarzt-stmoritz.ch\/wp-content\/uploads\/2017\/12\/Icon_Wirbelsaeule_pink-1.jpg&#8221; align_tablet=&#8221;center&#8221; align_last_edited=&#8221;on|desktop&#8221; _builder_version=&#8221;4.16&#8243; max_width=&#8221;30%&#8221; custom_padding=&#8221;||10px|&#8221; always_center_on_mobile=&#8221;on&#8221; global_colors_info=&#8221;{}&#8221; align_phone=&#8221;center&#8221;][\/et_pb_image][et_pb_text _builder_version=&#8221;4.16&#8243; global_colors_info=&#8221;{}&#8221;]<\/p>\n<h2>Radiologia<\/h2>\n<p>Da noi \u00e8 possibile eseguire diversi tipi di radiografie convenzionali.<\/p>\n<ul>\n<li>Torace, colonna vertebrale, arti, addome, bacino, cranio<\/li>\n<li>Corsi di radio protezione e dosimetria eseguiti<\/li>\n<li>Controllo di qualit\u00e0 regolari<\/li>\n<\/ul>\n<p>[\/et_pb_text][\/et_pb_column][et_pb_column type=&#8221;1_3&#8243; _builder_version=&#8221;4.16&#8243; custom_padding=&#8221;|||&#8221; global_colors_info=&#8221;{}&#8221; custom_padding__hover=&#8221;|||&#8221;][et_pb_image src=&#8221;https:\/\/hausarzt-stmoritz.ch\/wp-content\/uploads\/2017\/12\/Icon_Pills_pink-1.jpg&#8221; align_tablet=&#8221;center&#8221; align_last_edited=&#8221;on|desktop&#8221; _builder_version=&#8221;4.16&#8243; max_width=&#8221;30%&#8221; custom_padding=&#8221;||10px|&#8221; always_center_on_mobile=&#8221;on&#8221; global_colors_info=&#8221;{}&#8221; align_phone=&#8221;center&#8221;][\/et_pb_image][et_pb_text _builder_version=&#8221;4.16&#8243; global_colors_info=&#8221;{}&#8221;]<\/p>\n<h2>Farmacia<\/h2>\n<p>Gestiamo una piccola farmacia, cos\u00ec potete portare con voi i medicamenti prescritti dal medico durante la consultazione.<br \/>\n[\/et_pb_text][\/et_pb_column][\/et_pb_row][et_pb_row _builder_version=&#8221;4.16&#8243; custom_padding=&#8221;27px|0px|0px|0px&#8221; border_color_all=&#8221;#333a56&#8243; saved_tabs=&#8221;all&#8221; global_colors_info=&#8221;{}&#8221; column_structure=&#8221;1_3,1_3,1_3&#8243;][et_pb_column type=&#8221;1_3&#8243; _builder_version=&#8221;4.16&#8243; custom_padding=&#8221;|||&#8221; global_colors_info=&#8221;{}&#8221; custom_padding__hover=&#8221;|||&#8221;][et_pb_image src=&#8221;https:\/\/hausarzt-stmoritz.ch\/wp-content\/uploads\/2017\/12\/Icon_Insel_pink-1.jpg&#8221; align_tablet=&#8221;center&#8221; align_last_edited=&#8221;on|desktop&#8221; _builder_version=&#8221;4.16&#8243; max_width=&#8221;30%&#8221; custom_padding=&#8221;||10px|&#8221; always_center_on_mobile=&#8221;on&#8221; global_colors_info=&#8221;{}&#8221; align_phone=&#8221;center&#8221;][\/et_pb_image][et_pb_text _builder_version=&#8221;4.16&#8243; global_colors_info=&#8221;{}&#8221;]<\/p>\n<h2>Medicina da viaggio<\/h2>\n<p>Consultando l\u2019ambulatorio prima di intraprendere un viaggio, potete ottenere tutte le informazioni necessarie sulle misure di profilassi individuali. Inoltre, riceverete le vaccinazioni necessarie e le prescrizioni di farmaci utili alla prevenzione dei potenziali rischi infettivi.<br \/>\n[\/et_pb_text][\/et_pb_column][et_pb_column type=&#8221;1_3&#8243; _builder_version=&#8221;4.16&#8243; custom_padding=&#8221;|||&#8221; global_colors_info=&#8221;{}&#8221; custom_padding__hover=&#8221;|||&#8221;][et_pb_image src=&#8221;https:\/\/hausarzt-stmoritz.ch\/wp-content\/uploads\/2017\/12\/Icon_Sehtest_pink-1.jpg&#8221; align_tablet=&#8221;center&#8221; align_last_edited=&#8221;on|desktop&#8221; _builder_version=&#8221;4.16&#8243; max_width=&#8221;30%&#8221; custom_padding=&#8221;||10px|&#8221; always_center_on_mobile=&#8221;on&#8221; global_colors_info=&#8221;{}&#8221; align_phone=&#8221;center&#8221;][\/et_pb_image][et_pb_text _builder_version=&#8221;4.19.1&#8243; hover_enabled=&#8221;0&#8243; global_colors_info=&#8221;{}&#8221; sticky_enabled=&#8221;0&#8243;]<\/p>\n<h2>Visite preventive<\/h2>\n<ul>\n<li>Check-up<\/li>\n<li>Idoneit\u00e0 subacquea<\/li>\n<li>Visita lavoro notturno SECO<\/li>\n<li>Medico di fiducia della RhB, posta,militare (Dr. med. A. Schl\u00e4pfer)<\/li>\n<li>Visita per conducenti da 70anni (Dr. med. A. Schl\u00e4pfer)<\/li>\n<li>Prova di idoneit\u00e0 di conduttori di bus, camion e taxi, livello 2 (Dr. med. A. Schl\u00e4pfer)<\/li>\n<\/ul>\n<p>[\/et_pb_text][\/et_pb_column][et_pb_column type=&#8221;1_3&#8243; _builder_version=&#8221;4.16&#8243; custom_padding=&#8221;|||&#8221; global_colors_info=&#8221;{}&#8221; custom_padding__hover=&#8221;|||&#8221;][et_pb_image src=&#8221;https:\/\/hausarzt-stmoritz.ch\/wp-content\/uploads\/2017\/12\/Icon_Artzkoffer_pink.jpg&#8221; align_tablet=&#8221;center&#8221; align_last_edited=&#8221;on|desktop&#8221; _builder_version=&#8221;4.16&#8243; max_width=&#8221;30%&#8221; custom_padding=&#8221;||10px|&#8221; always_center_on_mobile=&#8221;on&#8221; global_colors_info=&#8221;{}&#8221; align_phone=&#8221;center&#8221;][\/et_pb_image][et_pb_text _builder_version=&#8221;4.16&#8243; global_colors_info=&#8221;{}&#8221;]<\/p>\n<h2>casamed<\/h2>\n<p>Siamo membri della rete dei medici GRISOMD, perci\u00f2 riconosciti da quasi tutte le casse malati.<br \/>\n[\/et_pb_text][\/et_pb_column][\/et_pb_row][\/et_pb_section][et_pb_section fb_built=&#8221;1&#8243; _builder_version=&#8221;4.16&#8243; background_color=&#8221;#9a0941&#8243; custom_margin=&#8221;20px|||&#8221; custom_padding=&#8221;10px||0px|&#8221; global_colors_info=&#8221;{}&#8221;][et_pb_row _builder_version=&#8221;4.16&#8243; background_size=&#8221;initial&#8221; background_position=&#8221;top_left&#8221; background_repeat=&#8221;repeat&#8221; global_colors_info=&#8221;{}&#8221;][et_pb_column type=&#8221;4_4&#8243; _builder_version=&#8221;4.16&#8243; custom_padding=&#8221;|||&#8221; global_colors_info=&#8221;{}&#8221; custom_padding__hover=&#8221;|||&#8221;][et_pb_text _builder_version=&#8221;4.16&#8243; text_text_color=&#8221;#ffffff&#8221; header_2_font=&#8221;|300|||||||&#8221; header_2_font_size=&#8221;32px&#8221; background_layout=&#8221;dark&#8221; custom_padding=&#8221;10px|0px|20px|0px&#8221; saved_tabs=&#8221;all&#8221; global_colors_info=&#8221;{}&#8221;]<\/p>\n<h2>Visite a domicilio, alberghi e case di cura<\/h2>\n<p>Al bisogno visitiamo i pazienti anche a domicilio, albergo o nelle case di cura. Pi\u00f9 semplice \u00e8 per\u00f2 visitare l\u2019ammalato nell\u2019ambulatorio, dove abbiamo l\u2019infrastruttura diagnostica ideale.<br \/>\n[\/et_pb_text][\/et_pb_column][\/et_pb_row][\/et_pb_section]<\/p>\n","protected":false},"excerpt":{"rendered":"<p>Noi accompagniamo e curiamo i nostri pazienti in tutte le fasi della vita dal neonato agli anziani. Medicina generale e interna Prestazioni diagnostiche: Elettrocardiogramma (ECG) Ergometria Defibrillatore Ossimetria (saturazione di ossigeno nel sangue) Spirometria Test dell\u2019udito Test della vista Piccola chirurgia Piccoli interventi di chirurgia possono essere eseguiti nel nostro studio. Rimuovere piccole alterazioni della [&hellip;]<\/p>\n","protected":false},"author":1,"featured_media":0,"parent":0,"menu_order":0,"comment_status":"closed","ping_status":"closed","template":"","meta":{"_et_pb_use_builder":"on","_et_pb_old_content":"","_et_gb_content_width":"","footnotes":""},"class_list":["post-2628","page","type-page","status-publish","hentry"],"yoast_head":"<!-- This site is optimized with the Yoast SEO plugin v26.8 - https:\/\/yoast.com\/product\/yoast-seo-wordpress\/ -->\n<title>Arzt | St. Moritz | Allgemeine Innere Medizin | Angebot<\/title>\n<meta name=\"description\" content=\"Allgemeine Innere Medizin | Chirurgie | Kinder und Jugendliche | R\u00f6ntgen | EKG | Ergometrie | H\u00f6rtest | Sehtest | \u00dcberpr\u00fcfung der Lungenfunktion | Reisemedizin | Impfungen | Tauchuntersuchung | Beratung bei Nachtarbeit | Untersuch Fahrtauglichkeit\" \/>\n<meta name=\"robots\" content=\"index, follow, max-snippet:-1, max-image-preview:large, max-video-preview:-1\" \/>\n<link rel=\"canonical\" href=\"https:\/\/hausarzt-stmoritz.ch\/it\/angebot\/\" \/>\n<meta property=\"og:locale\" content=\"it_IT\" \/>\n<meta property=\"og:type\" content=\"article\" \/>\n<meta property=\"og:title\" content=\"Arzt | St. Moritz | Allgemeine Innere Medizin | Angebot\" \/>\n<meta property=\"og:description\" content=\"Allgemeine Innere Medizin | Chirurgie | Kinder und Jugendliche | R\u00f6ntgen | EKG | Ergometrie | H\u00f6rtest | Sehtest | \u00dcberpr\u00fcfung der Lungenfunktion | Reisemedizin | Impfungen | Tauchuntersuchung | Beratung bei Nachtarbeit | Untersuch Fahrtauglichkeit\" \/>\n<meta property=\"og:url\" content=\"https:\/\/hausarzt-stmoritz.ch\/it\/angebot\/\" \/>\n<meta property=\"og:site_name\" content=\"Hausarzt St. Moritz\" \/>\n<meta property=\"article:modified_time\" content=\"2022-11-23T12:18:17+00:00\" \/>\n<meta name=\"twitter:card\" content=\"summary_large_image\" \/>\n<meta name=\"twitter:label1\" content=\"Tempo di lettura stimato\" \/>\n\t<meta name=\"twitter:data1\" content=\"3 minuti\" \/>\n<script type=\"application\/ld+json\" class=\"yoast-schema-graph\">{\"@context\":\"https:\/\/schema.org\",\"@graph\":[{\"@type\":\"WebPage\",\"@id\":\"https:\/\/hausarzt-stmoritz.ch\/it\/angebot\/\",\"url\":\"https:\/\/hausarzt-stmoritz.ch\/it\/angebot\/\",\"name\":\"Arzt | St. Moritz | Allgemeine Innere Medizin | Angebot\",\"isPartOf\":{\"@id\":\"https:\/\/hausarzt-stmoritz.ch\/#website\"},\"datePublished\":\"2018-01-18T12:49:32+00:00\",\"dateModified\":\"2022-11-23T12:18:17+00:00\",\"description\":\"Allgemeine Innere Medizin | Chirurgie | Kinder und Jugendliche | R\u00f6ntgen | EKG | Ergometrie | H\u00f6rtest | Sehtest | \u00dcberpr\u00fcfung der Lungenfunktion | Reisemedizin | Impfungen | Tauchuntersuchung | Beratung bei Nachtarbeit | Untersuch Fahrtauglichkeit\",\"breadcrumb\":{\"@id\":\"https:\/\/hausarzt-stmoritz.ch\/it\/angebot\/#breadcrumb\"},\"inLanguage\":\"it-IT\",\"potentialAction\":[{\"@type\":\"ReadAction\",\"target\":[\"https:\/\/hausarzt-stmoritz.ch\/it\/angebot\/\"]}]},{\"@type\":\"BreadcrumbList\",\"@id\":\"https:\/\/hausarzt-stmoritz.ch\/it\/angebot\/#breadcrumb\",\"itemListElement\":[{\"@type\":\"ListItem\",\"position\":1,\"name\":\"Home\",\"item\":\"https:\/\/hausarzt-stmoritz.ch\/it\/\"},{\"@type\":\"ListItem\",\"position\":2,\"name\":\"La nostra offerta\"}]},{\"@type\":\"WebSite\",\"@id\":\"https:\/\/hausarzt-stmoritz.ch\/#website\",\"url\":\"https:\/\/hausarzt-stmoritz.ch\/\",\"name\":\"Hausarzt St. Moritz\",\"description\":\"Dr. med. Linda Schl\u00e4pfer &amp; Dr. med. Andri Schl\u00e4pfer\",\"potentialAction\":[{\"@type\":\"SearchAction\",\"target\":{\"@type\":\"EntryPoint\",\"urlTemplate\":\"https:\/\/hausarzt-stmoritz.ch\/?s={search_term_string}\"},\"query-input\":{\"@type\":\"PropertyValueSpecification\",\"valueRequired\":true,\"valueName\":\"search_term_string\"}}],\"inLanguage\":\"it-IT\"}]}<\/script>\n<!-- \/ Yoast SEO plugin. -->","yoast_head_json":{"title":"Arzt | St. Moritz | Allgemeine Innere Medizin | Angebot","description":"Allgemeine Innere Medizin | Chirurgie | Kinder und Jugendliche | R\u00f6ntgen | EKG | Ergometrie | H\u00f6rtest | Sehtest | \u00dcberpr\u00fcfung der Lungenfunktion | Reisemedizin | Impfungen | Tauchuntersuchung | Beratung bei Nachtarbeit | Untersuch Fahrtauglichkeit","robots":{"index":"index","follow":"follow","max-snippet":"max-snippet:-1","max-image-preview":"max-image-preview:large","max-video-preview":"max-video-preview:-1"},"canonical":"https:\/\/hausarzt-stmoritz.ch\/it\/angebot\/","og_locale":"it_IT","og_type":"article","og_title":"Arzt | St. Moritz | Allgemeine Innere Medizin | Angebot","og_description":"Allgemeine Innere Medizin | Chirurgie | Kinder und Jugendliche | R\u00f6ntgen | EKG | Ergometrie | H\u00f6rtest | Sehtest | \u00dcberpr\u00fcfung der Lungenfunktion | Reisemedizin | Impfungen | Tauchuntersuchung | Beratung bei Nachtarbeit | Untersuch Fahrtauglichkeit","og_url":"https:\/\/hausarzt-stmoritz.ch\/it\/angebot\/","og_site_name":"Hausarzt St. Moritz","article_modified_time":"2022-11-23T12:18:17+00:00","twitter_card":"summary_large_image","twitter_misc":{"Tempo di lettura stimato":"3 minuti"},"schema":{"@context":"https:\/\/schema.org","@graph":[{"@type":"WebPage","@id":"https:\/\/hausarzt-stmoritz.ch\/it\/angebot\/","url":"https:\/\/hausarzt-stmoritz.ch\/it\/angebot\/","name":"Arzt | St. Moritz | Allgemeine Innere Medizin | Angebot","isPartOf":{"@id":"https:\/\/hausarzt-stmoritz.ch\/#website"},"datePublished":"2018-01-18T12:49:32+00:00","dateModified":"2022-11-23T12:18:17+00:00","description":"Allgemeine Innere Medizin | Chirurgie | Kinder und Jugendliche | R\u00f6ntgen | EKG | Ergometrie | H\u00f6rtest | Sehtest | \u00dcberpr\u00fcfung der Lungenfunktion | Reisemedizin | Impfungen | Tauchuntersuchung | Beratung bei Nachtarbeit | Untersuch Fahrtauglichkeit","breadcrumb":{"@id":"https:\/\/hausarzt-stmoritz.ch\/it\/angebot\/#breadcrumb"},"inLanguage":"it-IT","potentialAction":[{"@type":"ReadAction","target":["https:\/\/hausarzt-stmoritz.ch\/it\/angebot\/"]}]},{"@type":"BreadcrumbList","@id":"https:\/\/hausarzt-stmoritz.ch\/it\/angebot\/#breadcrumb","itemListElement":[{"@type":"ListItem","position":1,"name":"Home","item":"https:\/\/hausarzt-stmoritz.ch\/it\/"},{"@type":"ListItem","position":2,"name":"La nostra offerta"}]},{"@type":"WebSite","@id":"https:\/\/hausarzt-stmoritz.ch\/#website","url":"https:\/\/hausarzt-stmoritz.ch\/","name":"Hausarzt St. Moritz","description":"Dr. med. Linda Schl\u00e4pfer &amp; Dr. med. Andri Schl\u00e4pfer","potentialAction":[{"@type":"SearchAction","target":{"@type":"EntryPoint","urlTemplate":"https:\/\/hausarzt-stmoritz.ch\/?s={search_term_string}"},"query-input":{"@type":"PropertyValueSpecification","valueRequired":true,"valueName":"search_term_string"}}],"inLanguage":"it-IT"}]}},"_links":{"self":[{"href":"https:\/\/hausarzt-stmoritz.ch\/it\/wp-json\/wp\/v2\/pages\/2628","targetHints":{"allow":["GET"]}}],"collection":[{"href":"https:\/\/hausarzt-stmoritz.ch\/it\/wp-json\/wp\/v2\/pages"}],"about":[{"href":"https:\/\/hausarzt-stmoritz.ch\/it\/wp-json\/wp\/v2\/types\/page"}],"author":[{"embeddable":true,"href":"https:\/\/hausarzt-stmoritz.ch\/it\/wp-json\/wp\/v2\/users\/1"}],"replies":[{"embeddable":true,"href":"https:\/\/hausarzt-stmoritz.ch\/it\/wp-json\/wp\/v2\/comments?post=2628"}],"version-history":[{"count":23,"href":"https:\/\/hausarzt-stmoritz.ch\/it\/wp-json\/wp\/v2\/pages\/2628\/revisions"}],"predecessor-version":[{"id":3732,"href":"https:\/\/hausarzt-stmoritz.ch\/it\/wp-json\/wp\/v2\/pages\/2628\/revisions\/3732"}],"wp:attachment":[{"href":"https:\/\/hausarzt-stmoritz.ch\/it\/wp-json\/wp\/v2\/media?parent=2628"}],"curies":[{"name":"wp","href":"https:\/\/api.w.org\/{rel}","templated":true}]}}