{"id":2541,"date":"2018-01-10T14:05:07","date_gmt":"2018-01-10T14:05:07","guid":{"rendered":"https:\/\/hausarzt-stmoritz.ch\/team\/"},"modified":"2026-02-08T10:28:40","modified_gmt":"2026-02-08T08:28:40","slug":"team","status":"publish","type":"page","link":"https:\/\/hausarzt-stmoritz.ch\/en\/team\/","title":{"rendered":"Team"},"content":{"rendered":"<p>[et_pb_section fb_built=&#8221;1&#8243; fullwidth=&#8221;on&#8221; _builder_version=&#8221;4.16&#8243; global_colors_info=&#8221;{}&#8221;][et_pb_fullwidth_image src=&#8221;https:\/\/hausarzt-stmoritz.ch\/wp-content\/uploads\/2017\/12\/header-team.jpg&#8221; _builder_version=&#8221;4.16&#8243; global_colors_info=&#8221;{}&#8221;]pp<br \/>\n[\/et_pb_fullwidth_image][\/et_pb_section][et_pb_section fb_built=&#8221;1&#8243; _builder_version=&#8221;4.16&#8243; custom_margin=&#8221;|||&#8221; custom_padding=&#8221;10px||0px|&#8221; global_colors_info=&#8221;{}&#8221;][et_pb_row column_structure=&#8221;2_3,1_3&#8243; _builder_version=&#8221;4.16&#8243; background_size=&#8221;initial&#8221; background_position=&#8221;top_left&#8221; background_repeat=&#8221;repeat&#8221; custom_margin=&#8221;|||&#8221; custom_padding=&#8221;27px|||&#8221; global_colors_info=&#8221;{}&#8221;][et_pb_column type=&#8221;2_3&#8243; _builder_version=&#8221;4.16&#8243; custom_padding=&#8221;0px|||&#8221; global_colors_info=&#8221;{}&#8221; custom_padding__hover=&#8221;|||&#8221;][et_pb_text _builder_version=&#8221;4.16&#8243; text_font=&#8221;|300|||||||&#8221; text_text_color=&#8221;#333a56&#8243; text_font_size=&#8221;28px&#8221; text_line_height=&#8221;1.3em&#8221; global_colors_info=&#8221;{}&#8221;]<\/p>\n<h1>We are a close-knit team with a great deal of experience that has been working together for many years. Seeking high standards of quality medical care is what connects us.<\/h1>\n<p>[\/et_pb_text][\/et_pb_column][et_pb_column type=&#8221;1_3&#8243; _builder_version=&#8221;4.16&#8243; custom_padding=&#8221;|||&#8221; global_colors_info=&#8221;{}&#8221; custom_padding__hover=&#8221;|||&#8221;][\/et_pb_column][\/et_pb_row][\/et_pb_section][et_pb_section fb_built=&#8221;1&#8243; _builder_version=&#8221;4.16&#8243; custom_padding=&#8221;10px||0px|&#8221; global_colors_info=&#8221;{}&#8221;][et_pb_row column_structure=&#8221;1_3,1_3,1_3&#8243; _builder_version=&#8221;4.16&#8243; custom_padding=&#8221;0px|||&#8221; global_colors_info=&#8221;{}&#8221;][et_pb_column type=&#8221;1_3&#8243; _builder_version=&#8221;4.16&#8243; custom_padding=&#8221;|||&#8221; global_colors_info=&#8221;{}&#8221; custom_padding__hover=&#8221;|||&#8221;][et_pb_blurb title=&#8221;Dr. med. Linda Schl\u00e4pfer-Zehnder &#8221; url=&#8221;#open-overlay&#8221; image=&#8221;https:\/\/hausarzt-stmoritz.ch\/wp-content\/uploads\/2023\/10\/dr-med-linda-schlaepfer.png&#8221; admin_label=&#8221;Linda Schl\u00e4pfer&#8221; module_id=&#8221;overlay_unique_id_2904&#8243; _builder_version=&#8221;4.22.2&#8243; header_level=&#8221;h2&#8243; custom_margin=&#8221;|||&#8221; custom_padding=&#8221;|||&#8221; custom_css_main_element=&#8221;z-index: 9;&#8221; saved_tabs=&#8221;all&#8221; global_colors_info=&#8221;{}&#8221;]<\/p>\n<p>Specialist in General Internal Medicine FMH<\/p>\n<p>[\/et_pb_blurb][\/et_pb_column][et_pb_column type=&#8221;1_3&#8243; _builder_version=&#8221;4.16&#8243; custom_padding=&#8221;|||&#8221; global_colors_info=&#8221;{}&#8221; custom_padding__hover=&#8221;|||&#8221;][et_pb_blurb title=&#8221;Dr. med. Andri Schl\u00e4pfer&#8221; url=&#8221;#open-overlay&#8221; image=&#8221;https:\/\/hausarzt-stmoritz.ch\/wp-content\/uploads\/2023\/10\/dr-med-andri-schlaepfer.png&#8221; admin_label=&#8221;Andri Schl\u00e4pfer&#8221; module_id=&#8221;overlay_unique_id_2906&#8243; _builder_version=&#8221;4.22.2&#8243; header_level=&#8221;h2&#8243; custom_margin=&#8221;|||&#8221; custom_padding=&#8221;|||&#8221; saved_tabs=&#8221;all&#8221; global_colors_info=&#8221;{}&#8221;]<\/p>\n<p>Specialist in General Internal Medicine FMH<\/p>\n<p>[\/et_pb_blurb][\/et_pb_column][et_pb_column type=&#8221;1_3&#8243; _builder_version=&#8221;4.16&#8243; custom_padding=&#8221;|||&#8221; global_colors_info=&#8221;{}&#8221; custom_padding__hover=&#8221;|||&#8221;][\/et_pb_column][\/et_pb_row][et_pb_row column_structure=&#8221;1_3,1_3,1_3&#8243; _builder_version=&#8221;4.16&#8243; custom_padding=&#8221;0px|||&#8221; global_colors_info=&#8221;{}&#8221;][et_pb_column type=&#8221;1_3&#8243; _builder_version=&#8221;4.16&#8243; custom_padding=&#8221;|||&#8221; global_colors_info=&#8221;{}&#8221; custom_padding__hover=&#8221;|||&#8221;][et_pb_blurb title=&#8221;Olivia Morell&#8221; image=&#8221;https:\/\/hausarzt-stmoritz.ch\/wp-content\/uploads\/2023\/10\/morell-olivia.png&#8221; admin_label=&#8221;Olivia Morell&#8221; _builder_version=&#8221;4.22.2&#8243; header_level=&#8221;h2&#8243; custom_margin=&#8221;|||&#8221; custom_padding=&#8221;|||&#8221; saved_tabs=&#8221;all&#8221; global_colors_info=&#8221;{}&#8221;]<\/p>\n<p>Head of Practice<\/p>\n<p>[\/et_pb_blurb][et_pb_blurb title=&#8221;Claudia Gilly&#8221; image=&#8221;https:\/\/hausarzt-stmoritz.ch\/wp-content\/uploads\/2026\/02\/Claudia-Gilly.png&#8221; admin_label=&#8221;Claudia Gilly&#8221; _builder_version=&#8221;4.27.5&#8243; header_level=&#8221;h2&#8243; custom_margin=&#8221;|||&#8221; custom_padding=&#8221;|||&#8221; hover_enabled=&#8221;0&#8243; saved_tabs=&#8221;all&#8221; global_colors_info=&#8221;{}&#8221; title_text=&#8221;Claudia-Gilly&#8221; sticky_enabled=&#8221;0&#8243;]<\/p>\n<p>Medical Practice Assistant<\/p>\n<p>[\/et_pb_blurb][\/et_pb_column][et_pb_column type=&#8221;1_3&#8243; _builder_version=&#8221;4.16&#8243; custom_padding=&#8221;|||&#8221; global_colors_info=&#8221;{}&#8221; custom_padding__hover=&#8221;|||&#8221;][et_pb_blurb title=&#8221;Silvia Reicherter&#8221; image=&#8221;https:\/\/hausarzt-stmoritz.ch\/wp-content\/uploads\/2023\/10\/reicheter-silvia.png&#8221; admin_label=&#8221;Silvia Reicherter&#8221; _builder_version=&#8221;4.22.2&#8243; header_level=&#8221;h2&#8243; custom_margin=&#8221;|||&#8221; custom_padding=&#8221;|||&#8221; saved_tabs=&#8221;all&#8221; global_colors_info=&#8221;{}&#8221;]<\/p>\n<p>Medical Practice Assistant<\/p>\n<p>[\/et_pb_blurb][\/et_pb_column][et_pb_column type=&#8221;1_3&#8243; _builder_version=&#8221;4.16&#8243; custom_padding=&#8221;|||&#8221; global_colors_info=&#8221;{}&#8221; custom_padding__hover=&#8221;|||&#8221;][et_pb_blurb title=&#8221;Manuela Roner&#8221; image=&#8221;https:\/\/hausarzt-stmoritz.ch\/wp-content\/uploads\/2024\/07\/roner-manuela.png&#8221; admin_label=&#8221;Manuela Roner&#8221; _builder_version=&#8221;4.25.2&#8243; header_level=&#8221;h2&#8243; custom_margin=&#8221;|||&#8221; custom_padding=&#8221;|||&#8221; saved_tabs=&#8221;all&#8221; global_colors_info=&#8221;{}&#8221;]<\/p>\n<p>Graduated Nurse and Medical Practice Assistant<\/p>\n<p>[\/et_pb_blurb][\/et_pb_column][\/et_pb_row][et_pb_row column_structure=&#8221;1_3,1_3,1_3&#8243; _builder_version=&#8221;4.16&#8243; custom_padding=&#8221;0px|||&#8221; global_colors_info=&#8221;{}&#8221;][et_pb_column type=&#8221;1_3&#8243; _builder_version=&#8221;4.16&#8243; custom_padding=&#8221;|||&#8221; global_colors_info=&#8221;{}&#8221; custom_padding__hover=&#8221;|||&#8221;][et_pb_blurb title=&#8221;Alessia Willy&#8221; image=&#8221;https:\/\/hausarzt-stmoritz.ch\/wp-content\/uploads\/2023\/10\/willy-alessia.png&#8221; admin_label=&#8221;Alessia Willy&#8221; _builder_version=&#8221;4.22.2&#8243; header_level=&#8221;h2&#8243; custom_margin=&#8221;|||&#8221; custom_padding=&#8221;|||&#8221; saved_tabs=&#8221;all&#8221; global_colors_info=&#8221;{}&#8221;]<\/p>\n<p>Teaching Daughter<\/p>\n<p>[\/et_pb_blurb][\/et_pb_column][et_pb_column type=&#8221;1_3&#8243; _builder_version=&#8221;4.16&#8243; custom_padding=&#8221;|||&#8221; global_colors_info=&#8221;{}&#8221; custom_padding__hover=&#8221;|||&#8221;][et_pb_blurb title=&#8221;Lisa Costa&#8221; image=&#8221;https:\/\/hausarzt-stmoritz.ch\/wp-content\/uploads\/2025\/09\/Lisa-Costa_web.png&#8221; admin_label=&#8221;Lisa Costa&#8221; _builder_version=&#8221;4.27.4&#8243; header_level=&#8221;h2&#8243; custom_margin=&#8221;|||&#8221; custom_padding=&#8221;|||&#8221; saved_tabs=&#8221;all&#8221; global_colors_info=&#8221;{}&#8221;]<\/p>\n<p>Teaching Daughter<\/p>\n<p>[\/et_pb_blurb][\/et_pb_column][et_pb_column type=&#8221;1_3&#8243; _builder_version=&#8221;4.16&#8243; custom_padding=&#8221;|||&#8221; global_colors_info=&#8221;{}&#8221; custom_padding__hover=&#8221;|||&#8221;][\/et_pb_column][\/et_pb_row][\/et_pb_section]<\/p>\n","protected":false},"excerpt":{"rendered":"<p>pp We are a close-knit team with a great deal of experience that has been working together for many years. Seeking high standards of quality medical care is what connects us. Specialist in General Internal Medicine FMHSpecialist in General Internal Medicine FMHHead of PracticeMedical Practice AssistantMedical Practice AssistantGraduated Nurse and Medical Practice AssistantTeaching DaughterTeaching Daughter<\/p>\n","protected":false},"author":1,"featured_media":0,"parent":0,"menu_order":0,"comment_status":"closed","ping_status":"closed","template":"","meta":{"_et_pb_use_builder":"on","_et_pb_old_content":"","_et_gb_content_width":"","footnotes":""},"class_list":["post-2541","page","type-page","status-publish","hentry"],"yoast_head":"<!-- This site is optimized with the Yoast SEO plugin v26.8 - https:\/\/yoast.com\/product\/yoast-seo-wordpress\/ -->\n<title>Hausarztpraxis St. Moritz | Team<\/title>\n<meta name=\"description\" content=\"Wir sind ein eingespieltes Team das \u00fcber viel Erfahrung verf\u00fcgt und seit Jahren Hand in Hand zusammenarbeitet. | Dr. med. Linda Schl\u00e4pfer-Zehnder, Fach\u00e4rztin f\u00fcr Allgemeine Innere Medizin FMH | Dr. med. Andri Schl\u00e4pfer, Facharzt f\u00fcr Allgemeine Innere Medizin FMH\" \/>\n<meta name=\"robots\" content=\"index, follow, max-snippet:-1, max-image-preview:large, max-video-preview:-1\" \/>\n<link rel=\"canonical\" href=\"https:\/\/hausarzt-stmoritz.ch\/en\/team\/\" \/>\n<meta property=\"og:locale\" content=\"en_US\" \/>\n<meta property=\"og:type\" content=\"article\" \/>\n<meta property=\"og:title\" content=\"Hausarztpraxis St. Moritz | Team\" \/>\n<meta property=\"og:description\" content=\"Wir sind ein eingespieltes Team das \u00fcber viel Erfahrung verf\u00fcgt und seit Jahren Hand in Hand zusammenarbeitet. | Dr. med. Linda Schl\u00e4pfer-Zehnder, Fach\u00e4rztin f\u00fcr Allgemeine Innere Medizin FMH | Dr. med. Andri Schl\u00e4pfer, Facharzt f\u00fcr Allgemeine Innere Medizin FMH\" \/>\n<meta property=\"og:url\" content=\"https:\/\/hausarzt-stmoritz.ch\/en\/team\/\" \/>\n<meta property=\"og:site_name\" content=\"Hausarzt St. Moritz\" \/>\n<meta property=\"article:modified_time\" content=\"2026-02-08T08:28:40+00:00\" \/>\n<meta name=\"twitter:card\" content=\"summary_large_image\" \/>\n<meta name=\"twitter:label1\" content=\"Est. reading time\" \/>\n\t<meta name=\"twitter:data1\" content=\"3 minutes\" \/>\n<script type=\"application\/ld+json\" class=\"yoast-schema-graph\">{\"@context\":\"https:\/\/schema.org\",\"@graph\":[{\"@type\":\"WebPage\",\"@id\":\"https:\/\/hausarzt-stmoritz.ch\/en\/team\/\",\"url\":\"https:\/\/hausarzt-stmoritz.ch\/en\/team\/\",\"name\":\"Hausarztpraxis St. Moritz | Team\",\"isPartOf\":{\"@id\":\"https:\/\/hausarzt-stmoritz.ch\/#website\"},\"datePublished\":\"2018-01-10T14:05:07+00:00\",\"dateModified\":\"2026-02-08T08:28:40+00:00\",\"description\":\"Wir sind ein eingespieltes Team das \u00fcber viel Erfahrung verf\u00fcgt und seit Jahren Hand in Hand zusammenarbeitet. | Dr. med. Linda Schl\u00e4pfer-Zehnder, Fach\u00e4rztin f\u00fcr Allgemeine Innere Medizin FMH | Dr. med. Andri Schl\u00e4pfer, Facharzt f\u00fcr Allgemeine Innere Medizin FMH\",\"breadcrumb\":{\"@id\":\"https:\/\/hausarzt-stmoritz.ch\/en\/team\/#breadcrumb\"},\"inLanguage\":\"en-US\",\"potentialAction\":[{\"@type\":\"ReadAction\",\"target\":[\"https:\/\/hausarzt-stmoritz.ch\/en\/team\/\"]}]},{\"@type\":\"BreadcrumbList\",\"@id\":\"https:\/\/hausarzt-stmoritz.ch\/en\/team\/#breadcrumb\",\"itemListElement\":[{\"@type\":\"ListItem\",\"position\":1,\"name\":\"Home\",\"item\":\"https:\/\/hausarzt-stmoritz.ch\/en\/\"},{\"@type\":\"ListItem\",\"position\":2,\"name\":\"Team\"}]},{\"@type\":\"WebSite\",\"@id\":\"https:\/\/hausarzt-stmoritz.ch\/#website\",\"url\":\"https:\/\/hausarzt-stmoritz.ch\/\",\"name\":\"Hausarzt St. Moritz\",\"description\":\"Dr. med. Linda Schl\u00e4pfer &amp; Dr. med. Andri Schl\u00e4pfer\",\"potentialAction\":[{\"@type\":\"SearchAction\",\"target\":{\"@type\":\"EntryPoint\",\"urlTemplate\":\"https:\/\/hausarzt-stmoritz.ch\/?s={search_term_string}\"},\"query-input\":{\"@type\":\"PropertyValueSpecification\",\"valueRequired\":true,\"valueName\":\"search_term_string\"}}],\"inLanguage\":\"en-US\"}]}<\/script>\n<!-- \/ Yoast SEO plugin. -->","yoast_head_json":{"title":"Hausarztpraxis St. Moritz | Team","description":"Wir sind ein eingespieltes Team das \u00fcber viel Erfahrung verf\u00fcgt und seit Jahren Hand in Hand zusammenarbeitet. | Dr. med. Linda Schl\u00e4pfer-Zehnder, Fach\u00e4rztin f\u00fcr Allgemeine Innere Medizin FMH | Dr. med. Andri Schl\u00e4pfer, Facharzt f\u00fcr Allgemeine Innere Medizin FMH","robots":{"index":"index","follow":"follow","max-snippet":"max-snippet:-1","max-image-preview":"max-image-preview:large","max-video-preview":"max-video-preview:-1"},"canonical":"https:\/\/hausarzt-stmoritz.ch\/en\/team\/","og_locale":"en_US","og_type":"article","og_title":"Hausarztpraxis St. Moritz | Team","og_description":"Wir sind ein eingespieltes Team das \u00fcber viel Erfahrung verf\u00fcgt und seit Jahren Hand in Hand zusammenarbeitet. | Dr. med. Linda Schl\u00e4pfer-Zehnder, Fach\u00e4rztin f\u00fcr Allgemeine Innere Medizin FMH | Dr. med. Andri Schl\u00e4pfer, Facharzt f\u00fcr Allgemeine Innere Medizin FMH","og_url":"https:\/\/hausarzt-stmoritz.ch\/en\/team\/","og_site_name":"Hausarzt St. Moritz","article_modified_time":"2026-02-08T08:28:40+00:00","twitter_card":"summary_large_image","twitter_misc":{"Est. reading time":"3 minutes"},"schema":{"@context":"https:\/\/schema.org","@graph":[{"@type":"WebPage","@id":"https:\/\/hausarzt-stmoritz.ch\/en\/team\/","url":"https:\/\/hausarzt-stmoritz.ch\/en\/team\/","name":"Hausarztpraxis St. Moritz | Team","isPartOf":{"@id":"https:\/\/hausarzt-stmoritz.ch\/#website"},"datePublished":"2018-01-10T14:05:07+00:00","dateModified":"2026-02-08T08:28:40+00:00","description":"Wir sind ein eingespieltes Team das \u00fcber viel Erfahrung verf\u00fcgt und seit Jahren Hand in Hand zusammenarbeitet. | Dr. med. Linda Schl\u00e4pfer-Zehnder, Fach\u00e4rztin f\u00fcr Allgemeine Innere Medizin FMH | Dr. med. Andri Schl\u00e4pfer, Facharzt f\u00fcr Allgemeine Innere Medizin FMH","breadcrumb":{"@id":"https:\/\/hausarzt-stmoritz.ch\/en\/team\/#breadcrumb"},"inLanguage":"en-US","potentialAction":[{"@type":"ReadAction","target":["https:\/\/hausarzt-stmoritz.ch\/en\/team\/"]}]},{"@type":"BreadcrumbList","@id":"https:\/\/hausarzt-stmoritz.ch\/en\/team\/#breadcrumb","itemListElement":[{"@type":"ListItem","position":1,"name":"Home","item":"https:\/\/hausarzt-stmoritz.ch\/en\/"},{"@type":"ListItem","position":2,"name":"Team"}]},{"@type":"WebSite","@id":"https:\/\/hausarzt-stmoritz.ch\/#website","url":"https:\/\/hausarzt-stmoritz.ch\/","name":"Hausarzt St. Moritz","description":"Dr. med. Linda Schl\u00e4pfer &amp; Dr. med. Andri Schl\u00e4pfer","potentialAction":[{"@type":"SearchAction","target":{"@type":"EntryPoint","urlTemplate":"https:\/\/hausarzt-stmoritz.ch\/?s={search_term_string}"},"query-input":{"@type":"PropertyValueSpecification","valueRequired":true,"valueName":"search_term_string"}}],"inLanguage":"en-US"}]}},"_links":{"self":[{"href":"https:\/\/hausarzt-stmoritz.ch\/en\/wp-json\/wp\/v2\/pages\/2541","targetHints":{"allow":["GET"]}}],"collection":[{"href":"https:\/\/hausarzt-stmoritz.ch\/en\/wp-json\/wp\/v2\/pages"}],"about":[{"href":"https:\/\/hausarzt-stmoritz.ch\/en\/wp-json\/wp\/v2\/types\/page"}],"author":[{"embeddable":true,"href":"https:\/\/hausarzt-stmoritz.ch\/en\/wp-json\/wp\/v2\/users\/1"}],"replies":[{"embeddable":true,"href":"https:\/\/hausarzt-stmoritz.ch\/en\/wp-json\/wp\/v2\/comments?post=2541"}],"version-history":[{"count":41,"href":"https:\/\/hausarzt-stmoritz.ch\/en\/wp-json\/wp\/v2\/pages\/2541\/revisions"}],"predecessor-version":[{"id":4431,"href":"https:\/\/hausarzt-stmoritz.ch\/en\/wp-json\/wp\/v2\/pages\/2541\/revisions\/4431"}],"wp:attachment":[{"href":"https:\/\/hausarzt-stmoritz.ch\/en\/wp-json\/wp\/v2\/media?parent=2541"}],"curies":[{"name":"wp","href":"https:\/\/api.w.org\/{rel}","templated":true}]}}