{"id":2515,"date":"2018-01-10T13:49:31","date_gmt":"2018-01-10T13:49:31","guid":{"rendered":"https:\/\/hausarzt-stmoritz.ch\/what-we-offer\/"},"modified":"2022-11-23T14:17:10","modified_gmt":"2022-11-23T12:17:10","slug":"what-we-offer","status":"publish","type":"page","link":"https:\/\/hausarzt-stmoritz.ch\/en\/what-we-offer\/","title":{"rendered":"What We Offer"},"content":{"rendered":"<p>[et_pb_section fb_built=&#8221;1&#8243; fullwidth=&#8221;on&#8221; _builder_version=&#8221;4.16&#8243; global_colors_info=&#8221;{}&#8221;][et_pb_fullwidth_image src=&#8221;https:\/\/hausarzt-stmoritz.ch\/wp-content\/uploads\/2017\/12\/header-angebot.jpg&#8221; _builder_version=&#8221;4.16&#8243; global_colors_info=&#8221;{}&#8221;][\/et_pb_fullwidth_image][\/et_pb_section][et_pb_section fb_built=&#8221;1&#8243; _builder_version=&#8221;4.16&#8243; custom_margin=&#8221;|||&#8221; custom_padding=&#8221;10px||0px|&#8221; global_colors_info=&#8221;{}&#8221;][et_pb_row _builder_version=&#8221;4.16&#8243; background_size=&#8221;initial&#8221; background_position=&#8221;top_left&#8221; background_repeat=&#8221;repeat&#8221; custom_margin=&#8221;|||&#8221; custom_padding=&#8221;27px|0px|0px|0px&#8221; global_colors_info=&#8221;{}&#8221; column_structure=&#8221;2_3,1_3&#8243;][et_pb_column type=&#8221;2_3&#8243; _builder_version=&#8221;4.16&#8243; custom_padding=&#8221;0px|||&#8221; global_colors_info=&#8221;{}&#8221; custom_padding__hover=&#8221;|||&#8221;][et_pb_text _builder_version=&#8221;4.16&#8243; text_font=&#8221;|300|||||||&#8221; text_text_color=&#8221;#333a56&#8243; text_font_size=&#8221;28px&#8221; text_line_height=&#8221;1.3em&#8221; saved_tabs=&#8221;all&#8221; global_colors_info=&#8221;{}&#8221;]<\/p>\n<h1>We treat and accompany our patients through every phase of life &#8211; from newborn children to the elderly.<\/h1>\n<p>[\/et_pb_text][\/et_pb_column][et_pb_column type=&#8221;1_3&#8243; _builder_version=&#8221;4.16&#8243; custom_padding=&#8221;|||&#8221; global_colors_info=&#8221;{}&#8221; custom_padding__hover=&#8221;|||&#8221;][\/et_pb_column][\/et_pb_row][et_pb_row _builder_version=&#8221;4.16&#8243; custom_padding=&#8221;27px|0px|0px|0px&#8221; border_color_all=&#8221;#333a56&#8243; saved_tabs=&#8221;all&#8221; global_colors_info=&#8221;{}&#8221; column_structure=&#8221;1_3,1_3,1_3&#8243;][et_pb_column type=&#8221;1_3&#8243; _builder_version=&#8221;4.16&#8243; custom_padding=&#8221;|||&#8221; global_colors_info=&#8221;{}&#8221; custom_padding__hover=&#8221;|||&#8221;][et_pb_image src=&#8221;https:\/\/hausarzt-stmoritz.ch\/wp-content\/uploads\/2017\/12\/Icon_Stethoskop_pink-1.jpg&#8221; align_tablet=&#8221;center&#8221; align_last_edited=&#8221;on|desktop&#8221; _builder_version=&#8221;4.16&#8243; max_width=&#8221;30%&#8221; custom_padding=&#8221;||10px|&#8221; always_center_on_mobile=&#8221;on&#8221; global_colors_info=&#8221;{}&#8221; align_phone=&#8221;center&#8221;][\/et_pb_image][et_pb_text _builder_version=&#8221;4.16&#8243; global_colors_info=&#8221;{}&#8221;]<\/p>\n<h2>General Internal Medical Treatment<\/h2>\n<p>We cover the entire spectrum of General Internal Medicine.\u00a0We use a variety of techniques:<\/p>\n<ul>\n<li>Verification of cardiac activity by means of ECG (12-channel)<\/li>\n<li>Checking oxygen saturation in the blood (pulse oximetry)<\/li>\n<li>Defibrillator (use in cardiac arrhythmia)<\/li>\n<li>Review of individual physical performance (ergometry)<\/li>\n<li>Review of lung function<\/li>\n<li>Hearing test (audiometry)<\/li>\n<li>Eye test (visual acuity check)<\/li>\n<\/ul>\n<p>[\/et_pb_text][\/et_pb_column][et_pb_column type=&#8221;1_3&#8243; _builder_version=&#8221;4.16&#8243; custom_padding=&#8221;|||&#8221; global_colors_info=&#8221;{}&#8221; custom_padding__hover=&#8221;|||&#8221;][et_pb_image src=&#8221;https:\/\/hausarzt-stmoritz.ch\/wp-content\/uploads\/2017\/12\/Icon_Gipsfuss_pink-1.jpg&#8221; align_tablet=&#8221;center&#8221; align_last_edited=&#8221;on|desktop&#8221; _builder_version=&#8221;4.16&#8243; max_width=&#8221;30%&#8221; custom_padding=&#8221;||10px|&#8221; always_center_on_mobile=&#8221;on&#8221; global_colors_info=&#8221;{}&#8221; align_phone=&#8221;center&#8221;][\/et_pb_image][et_pb_text _builder_version=&#8221;4.16&#8243; global_colors_info=&#8221;{}&#8221;]<\/p>\n<h2>Minor surgery<\/h2>\n<p>Small operations can be carried out easily in our practice, thanks to our additional focus on minor surgery.<\/p>\n<ul>\n<li>Removal of suspicious or irritating skin lesions<\/li>\n<li>Wound care and wound control<\/li>\n<li>Application of curative plastic dressings (Softcast)<\/li>\n<\/ul>\n<p>[\/et_pb_text][\/et_pb_column][et_pb_column type=&#8221;1_3&#8243; _builder_version=&#8221;4.16&#8243; custom_padding=&#8221;|||&#8221; global_colors_info=&#8221;{}&#8221; custom_padding__hover=&#8221;|||&#8221;][et_pb_image src=&#8221;https:\/\/hausarzt-stmoritz.ch\/wp-content\/uploads\/2017\/12\/Icon_Schaukelpferd_pink-1.jpg&#8221; align_tablet=&#8221;center&#8221; align_last_edited=&#8221;on|desktop&#8221; _builder_version=&#8221;4.16&#8243; max_width=&#8221;30%&#8221; custom_padding=&#8221;||10px|&#8221; always_center_on_mobile=&#8221;on&#8221; global_colors_info=&#8221;{}&#8221; align_phone=&#8221;center&#8221;][\/et_pb_image][et_pb_text _builder_version=&#8221;4.16&#8243; global_colors_info=&#8221;{}&#8221;]<\/p>\n<h2>Child and Adolescent Medical Care<\/h2>\n<p>We also take care of children and adolescents, giving attention to pediatric and adolescent medicine.<\/p>\n<ul>\n<li>Development checks on infants, children and adolescents<\/li>\n<li>Vaccination according to the current Swiss vaccination plan<\/li>\n<li>Close cooperation with paediatricians in the Engadine and Chur<\/li>\n<\/ul>\n<p>[\/et_pb_text][\/et_pb_column][\/et_pb_row][et_pb_row _builder_version=&#8221;4.16&#8243; custom_padding=&#8221;27px|0px|0px|0px&#8221; border_color_all=&#8221;#333a56&#8243; saved_tabs=&#8221;all&#8221; global_colors_info=&#8221;{}&#8221; column_structure=&#8221;1_3,1_3,1_3&#8243;][et_pb_column type=&#8221;1_3&#8243; _builder_version=&#8221;4.16&#8243; custom_padding=&#8221;|||&#8221; global_colors_info=&#8221;{}&#8221; custom_padding__hover=&#8221;|||&#8221;][et_pb_image src=&#8221;https:\/\/hausarzt-stmoritz.ch\/wp-content\/uploads\/2017\/12\/Icon_Bacteria_pink-1.jpg&#8221; align_tablet=&#8221;center&#8221; align_last_edited=&#8221;on|desktop&#8221; _builder_version=&#8221;4.16&#8243; max_width=&#8221;30%&#8221; custom_padding=&#8221;||10px|&#8221; always_center_on_mobile=&#8221;on&#8221; global_colors_info=&#8221;{}&#8221; align_phone=&#8221;center&#8221;][\/et_pb_image][et_pb_text _builder_version=&#8221;4.16&#8243; global_colors_info=&#8221;{}&#8221;]<\/p>\n<h2>In House Laboratory<\/h2>\n<p>Our practice laboratory is equipped with state-of-the-art equipment. We conduct a large amount of analysis directly in place:<\/p>\n<ul>\n<li>Complete Blood Count (hematology)<\/li>\n<li>Clinical chemistry (signs of infection, cholesterol, blood sugar, liver and kidney values, myocardial infarction diagnosis, thrombosis diagnostics and others)<\/li>\n<li>Coagulation examination using Quick \/ INR<\/li>\n<li>Urine alysis<\/li>\n<li>Quality guarantee is assured with three-monthly participation in round robin tests from the University of Zurich.<\/li>\n<\/ul>\n<p>[\/et_pb_text][\/et_pb_column][et_pb_column type=&#8221;1_3&#8243; _builder_version=&#8221;4.16&#8243; custom_padding=&#8221;|||&#8221; global_colors_info=&#8221;{}&#8221; custom_padding__hover=&#8221;|||&#8221;][et_pb_image src=&#8221;https:\/\/hausarzt-stmoritz.ch\/wp-content\/uploads\/2017\/12\/Icon_Wirbelsaeule_pink-1.jpg&#8221; align_tablet=&#8221;center&#8221; align_last_edited=&#8221;on|desktop&#8221; _builder_version=&#8221;4.16&#8243; max_width=&#8221;30%&#8221; custom_padding=&#8221;||10px|&#8221; always_center_on_mobile=&#8221;on&#8221; global_colors_info=&#8221;{}&#8221; align_phone=&#8221;center&#8221;][\/et_pb_image][et_pb_text _builder_version=&#8221;4.16&#8243; global_colors_info=&#8221;{}&#8221;]<\/p>\n<h2>X-ray<\/h2>\n<p>We offer the full range of X-ray diagnostics:<\/p>\n<ul>\n<li>From the ribcage, spine, abdomen, arms, legs to skull<\/li>\n<li>Passed Radiation Protection Course and Dosed X-Ray Course (MPA and Doctors)<\/li>\n<li>Quality control assurance through regular inspections including consistency checks<\/li>\n<\/ul>\n<p>[\/et_pb_text][\/et_pb_column][et_pb_column type=&#8221;1_3&#8243; _builder_version=&#8221;4.16&#8243; custom_padding=&#8221;|||&#8221; global_colors_info=&#8221;{}&#8221; custom_padding__hover=&#8221;|||&#8221;][et_pb_image src=&#8221;https:\/\/hausarzt-stmoritz.ch\/wp-content\/uploads\/2017\/12\/Icon_Pills_pink-1.jpg&#8221; align_tablet=&#8221;center&#8221; align_last_edited=&#8221;on|desktop&#8221; _builder_version=&#8221;4.16&#8243; max_width=&#8221;30%&#8221; custom_padding=&#8221;||10px|&#8221; always_center_on_mobile=&#8221;on&#8221; global_colors_info=&#8221;{}&#8221; align_phone=&#8221;center&#8221;][\/et_pb_image][et_pb_text _builder_version=&#8221;4.16&#8243; global_colors_info=&#8221;{}&#8221;]<\/p>\n<h2>In House Dispensary<\/h2>\n<p>We have for our patients a practice pharmacy (for first prescription) so\u00a0prescribed treatments can commence immediately.<br \/>\n[\/et_pb_text][\/et_pb_column][\/et_pb_row][et_pb_row _builder_version=&#8221;4.16&#8243; custom_padding=&#8221;27px|0px|0px|0px&#8221; border_color_all=&#8221;#333a56&#8243; saved_tabs=&#8221;all&#8221; global_colors_info=&#8221;{}&#8221; column_structure=&#8221;1_3,1_3,1_3&#8243;][et_pb_column type=&#8221;1_3&#8243; _builder_version=&#8221;4.16&#8243; custom_padding=&#8221;|||&#8221; global_colors_info=&#8221;{}&#8221; custom_padding__hover=&#8221;|||&#8221;][et_pb_image src=&#8221;https:\/\/hausarzt-stmoritz.ch\/wp-content\/uploads\/2017\/12\/Icon_Insel_pink-1.jpg&#8221; align_tablet=&#8221;center&#8221; align_last_edited=&#8221;on|desktop&#8221; _builder_version=&#8221;4.16&#8243; max_width=&#8221;30%&#8221; custom_padding=&#8221;||10px|&#8221; always_center_on_mobile=&#8221;on&#8221; global_colors_info=&#8221;{}&#8221; align_phone=&#8221;center&#8221;][\/et_pb_image][et_pb_text _builder_version=&#8221;4.16&#8243; global_colors_info=&#8221;{}&#8221;]<\/p>\n<h2>Travel Medicine and Vaccinations<\/h2>\n<p>We advise on worldwide medical travel (including malaria counselling) and have a variety of relevant documentation available.\u00a0During your trip we are available for consultation via e-mail. On request we can also put together a first-aid kit.<br \/>\n[\/et_pb_text][\/et_pb_column][et_pb_column type=&#8221;1_3&#8243; _builder_version=&#8221;4.16&#8243; custom_padding=&#8221;|||&#8221; global_colors_info=&#8221;{}&#8221; custom_padding__hover=&#8221;|||&#8221;][et_pb_image src=&#8221;https:\/\/hausarzt-stmoritz.ch\/wp-content\/uploads\/2017\/12\/Icon_Sehtest_pink-1.jpg&#8221; align_tablet=&#8221;center&#8221; align_last_edited=&#8221;on|desktop&#8221; _builder_version=&#8221;4.16&#8243; max_width=&#8221;30%&#8221; custom_padding=&#8221;||10px|&#8221; always_center_on_mobile=&#8221;on&#8221; global_colors_info=&#8221;{}&#8221; align_phone=&#8221;center&#8221;][\/et_pb_image][et_pb_text _builder_version=&#8221;4.19.1&#8243; hover_enabled=&#8221;0&#8243; global_colors_info=&#8221;{}&#8221; sticky_enabled=&#8221;0&#8243;]<\/p>\n<h2>Specific Consultations<\/h2>\n<p>Our practice also offers specific consultations and check-ups such as:<\/p>\n<ul>\n<li>Medical diving examination<\/li>\n<li>Medical examination and advice on night work according to SECO<\/li>\n<li>Medical doctor for RhB, PostBus, military and others (Dr. med. Andri Schl\u00e4pfer)<\/li>\n<li>Medical examination of seniors 70+ for driving licence (Dr. med. Andri Schl\u00e4pfer)<\/li>\n<li>Assessment of bus, truck and taxi drivers, level 2 (Dr. med. Andri Schl\u00e4pfer)<\/li>\n<\/ul>\n<p>[\/et_pb_text][\/et_pb_column][et_pb_column type=&#8221;1_3&#8243; _builder_version=&#8221;4.16&#8243; custom_padding=&#8221;|||&#8221; global_colors_info=&#8221;{}&#8221; custom_padding__hover=&#8221;|||&#8221;][et_pb_image src=&#8221;https:\/\/hausarzt-stmoritz.ch\/wp-content\/uploads\/2017\/12\/Icon_Artzkoffer_pink.jpg&#8221; align_tablet=&#8221;center&#8221; align_last_edited=&#8221;on|desktop&#8221; _builder_version=&#8221;4.16&#8243; max_width=&#8221;30%&#8221; custom_padding=&#8221;||10px|&#8221; always_center_on_mobile=&#8221;on&#8221; global_colors_info=&#8221;{}&#8221; align_phone=&#8221;center&#8221;][\/et_pb_image][et_pb_text _builder_version=&#8221;4.16&#8243; global_colors_info=&#8221;{}&#8221;]<\/p>\n<h2 class=\"h2\">General practitioner model<\/h2>\n<p>We are a member of the network GRISOMED and thus recognised by the General Practice standards of almost all health insurance companies.<br \/>\n[\/et_pb_text][\/et_pb_column][\/et_pb_row][\/et_pb_section][et_pb_section fb_built=&#8221;1&#8243; _builder_version=&#8221;4.16&#8243; background_color=&#8221;#9a0941&#8243; custom_margin=&#8221;20px|||&#8221; custom_padding=&#8221;10px||0px|&#8221; global_colors_info=&#8221;{}&#8221;][et_pb_row _builder_version=&#8221;4.16&#8243; background_size=&#8221;initial&#8221; background_position=&#8221;top_left&#8221; background_repeat=&#8221;repeat&#8221; global_colors_info=&#8221;{}&#8221;][et_pb_column type=&#8221;4_4&#8243; _builder_version=&#8221;4.16&#8243; custom_padding=&#8221;|||&#8221; global_colors_info=&#8221;{}&#8221; custom_padding__hover=&#8221;|||&#8221;][et_pb_text _builder_version=&#8221;4.16&#8243; text_text_color=&#8221;#ffffff&#8221; header_2_font=&#8221;|300|||||||&#8221; header_2_font_size=&#8221;32px&#8221; background_layout=&#8221;dark&#8221; custom_padding=&#8221;10px|0px|20px|0px&#8221; saved_tabs=&#8221;all&#8221; global_colors_info=&#8221;{}&#8221;]<\/p>\n<h3>Home, hotel or nursing home visit?<\/h3>\n<p>If necessary, we can also visit patients at home, in the hotel or nursing home. Medical examinations at the practice, however, almost always make more sense, with all the diagnostic tools available we can give immediate and optimal treatment.<br \/>\n[\/et_pb_text][\/et_pb_column][\/et_pb_row][\/et_pb_section]<\/p>\n","protected":false},"excerpt":{"rendered":"<p>We treat and accompany our patients through every phase of life &#8211; from newborn children to the elderly. General Internal Medical Treatment We cover the entire spectrum of General Internal Medicine.\u00a0We use a variety of techniques: Verification of cardiac activity by means of ECG (12-channel) Checking oxygen saturation in the blood (pulse oximetry) Defibrillator (use [&hellip;]<\/p>\n","protected":false},"author":1,"featured_media":0,"parent":0,"menu_order":0,"comment_status":"closed","ping_status":"closed","template":"","meta":{"_et_pb_use_builder":"on","_et_pb_old_content":"","_et_gb_content_width":"","footnotes":""},"class_list":["post-2515","page","type-page","status-publish","hentry"],"yoast_head":"<!-- This site is optimized with the Yoast SEO plugin v26.8 - https:\/\/yoast.com\/product\/yoast-seo-wordpress\/ -->\n<title>Arzt | St. Moritz | Allgemeine Innere Medizin | Angebot<\/title>\n<meta name=\"description\" content=\"Allgemeine Innere Medizin | Chirurgie | Kinder und Jugendliche | R\u00f6ntgen | EKG | Ergometrie | H\u00f6rtest | Sehtest | \u00dcberpr\u00fcfung der Lungenfunktion | Reisemedizin | Impfungen | Tauchuntersuchung | Beratung bei Nachtarbeit | Untersuch Fahrtauglichkeit\" \/>\n<meta name=\"robots\" content=\"index, follow, max-snippet:-1, max-image-preview:large, max-video-preview:-1\" \/>\n<link rel=\"canonical\" href=\"https:\/\/hausarzt-stmoritz.ch\/en\/what-we-offer\/\" \/>\n<meta property=\"og:locale\" content=\"en_US\" \/>\n<meta property=\"og:type\" content=\"article\" \/>\n<meta property=\"og:title\" content=\"Arzt | St. Moritz | Allgemeine Innere Medizin | Angebot\" \/>\n<meta property=\"og:description\" content=\"Allgemeine Innere Medizin | Chirurgie | Kinder und Jugendliche | R\u00f6ntgen | EKG | Ergometrie | H\u00f6rtest | Sehtest | \u00dcberpr\u00fcfung der Lungenfunktion | Reisemedizin | Impfungen | Tauchuntersuchung | Beratung bei Nachtarbeit | Untersuch Fahrtauglichkeit\" \/>\n<meta property=\"og:url\" content=\"https:\/\/hausarzt-stmoritz.ch\/en\/what-we-offer\/\" \/>\n<meta property=\"og:site_name\" content=\"Hausarzt St. Moritz\" \/>\n<meta property=\"article:modified_time\" content=\"2022-11-23T12:17:10+00:00\" \/>\n<meta name=\"twitter:card\" content=\"summary_large_image\" \/>\n<meta name=\"twitter:label1\" content=\"Est. reading time\" \/>\n\t<meta name=\"twitter:data1\" content=\"4 minutes\" \/>\n<script type=\"application\/ld+json\" class=\"yoast-schema-graph\">{\"@context\":\"https:\/\/schema.org\",\"@graph\":[{\"@type\":\"WebPage\",\"@id\":\"https:\/\/hausarzt-stmoritz.ch\/en\/what-we-offer\/\",\"url\":\"https:\/\/hausarzt-stmoritz.ch\/en\/what-we-offer\/\",\"name\":\"Arzt | St. Moritz | Allgemeine Innere Medizin | Angebot\",\"isPartOf\":{\"@id\":\"https:\/\/hausarzt-stmoritz.ch\/#website\"},\"datePublished\":\"2018-01-10T13:49:31+00:00\",\"dateModified\":\"2022-11-23T12:17:10+00:00\",\"description\":\"Allgemeine Innere Medizin | Chirurgie | Kinder und Jugendliche | R\u00f6ntgen | EKG | Ergometrie | H\u00f6rtest | Sehtest | \u00dcberpr\u00fcfung der Lungenfunktion | Reisemedizin | Impfungen | Tauchuntersuchung | Beratung bei Nachtarbeit | Untersuch Fahrtauglichkeit\",\"breadcrumb\":{\"@id\":\"https:\/\/hausarzt-stmoritz.ch\/en\/what-we-offer\/#breadcrumb\"},\"inLanguage\":\"en-US\",\"potentialAction\":[{\"@type\":\"ReadAction\",\"target\":[\"https:\/\/hausarzt-stmoritz.ch\/en\/what-we-offer\/\"]}]},{\"@type\":\"BreadcrumbList\",\"@id\":\"https:\/\/hausarzt-stmoritz.ch\/en\/what-we-offer\/#breadcrumb\",\"itemListElement\":[{\"@type\":\"ListItem\",\"position\":1,\"name\":\"Home\",\"item\":\"https:\/\/hausarzt-stmoritz.ch\/en\/\"},{\"@type\":\"ListItem\",\"position\":2,\"name\":\"What We Offer\"}]},{\"@type\":\"WebSite\",\"@id\":\"https:\/\/hausarzt-stmoritz.ch\/#website\",\"url\":\"https:\/\/hausarzt-stmoritz.ch\/\",\"name\":\"Hausarzt St. Moritz\",\"description\":\"Dr. med. Linda Schl\u00e4pfer &amp; Dr. med. Andri Schl\u00e4pfer\",\"potentialAction\":[{\"@type\":\"SearchAction\",\"target\":{\"@type\":\"EntryPoint\",\"urlTemplate\":\"https:\/\/hausarzt-stmoritz.ch\/?s={search_term_string}\"},\"query-input\":{\"@type\":\"PropertyValueSpecification\",\"valueRequired\":true,\"valueName\":\"search_term_string\"}}],\"inLanguage\":\"en-US\"}]}<\/script>\n<!-- \/ Yoast SEO plugin. -->","yoast_head_json":{"title":"Arzt | St. Moritz | Allgemeine Innere Medizin | Angebot","description":"Allgemeine Innere Medizin | Chirurgie | Kinder und Jugendliche | R\u00f6ntgen | EKG | Ergometrie | H\u00f6rtest | Sehtest | \u00dcberpr\u00fcfung der Lungenfunktion | Reisemedizin | Impfungen | Tauchuntersuchung | Beratung bei Nachtarbeit | Untersuch Fahrtauglichkeit","robots":{"index":"index","follow":"follow","max-snippet":"max-snippet:-1","max-image-preview":"max-image-preview:large","max-video-preview":"max-video-preview:-1"},"canonical":"https:\/\/hausarzt-stmoritz.ch\/en\/what-we-offer\/","og_locale":"en_US","og_type":"article","og_title":"Arzt | St. Moritz | Allgemeine Innere Medizin | Angebot","og_description":"Allgemeine Innere Medizin | Chirurgie | Kinder und Jugendliche | R\u00f6ntgen | EKG | Ergometrie | H\u00f6rtest | Sehtest | \u00dcberpr\u00fcfung der Lungenfunktion | Reisemedizin | Impfungen | Tauchuntersuchung | Beratung bei Nachtarbeit | Untersuch Fahrtauglichkeit","og_url":"https:\/\/hausarzt-stmoritz.ch\/en\/what-we-offer\/","og_site_name":"Hausarzt St. Moritz","article_modified_time":"2022-11-23T12:17:10+00:00","twitter_card":"summary_large_image","twitter_misc":{"Est. reading time":"4 minutes"},"schema":{"@context":"https:\/\/schema.org","@graph":[{"@type":"WebPage","@id":"https:\/\/hausarzt-stmoritz.ch\/en\/what-we-offer\/","url":"https:\/\/hausarzt-stmoritz.ch\/en\/what-we-offer\/","name":"Arzt | St. Moritz | Allgemeine Innere Medizin | Angebot","isPartOf":{"@id":"https:\/\/hausarzt-stmoritz.ch\/#website"},"datePublished":"2018-01-10T13:49:31+00:00","dateModified":"2022-11-23T12:17:10+00:00","description":"Allgemeine Innere Medizin | Chirurgie | Kinder und Jugendliche | R\u00f6ntgen | EKG | Ergometrie | H\u00f6rtest | Sehtest | \u00dcberpr\u00fcfung der Lungenfunktion | Reisemedizin | Impfungen | Tauchuntersuchung | Beratung bei Nachtarbeit | Untersuch Fahrtauglichkeit","breadcrumb":{"@id":"https:\/\/hausarzt-stmoritz.ch\/en\/what-we-offer\/#breadcrumb"},"inLanguage":"en-US","potentialAction":[{"@type":"ReadAction","target":["https:\/\/hausarzt-stmoritz.ch\/en\/what-we-offer\/"]}]},{"@type":"BreadcrumbList","@id":"https:\/\/hausarzt-stmoritz.ch\/en\/what-we-offer\/#breadcrumb","itemListElement":[{"@type":"ListItem","position":1,"name":"Home","item":"https:\/\/hausarzt-stmoritz.ch\/en\/"},{"@type":"ListItem","position":2,"name":"What We Offer"}]},{"@type":"WebSite","@id":"https:\/\/hausarzt-stmoritz.ch\/#website","url":"https:\/\/hausarzt-stmoritz.ch\/","name":"Hausarzt St. Moritz","description":"Dr. med. Linda Schl\u00e4pfer &amp; Dr. med. Andri Schl\u00e4pfer","potentialAction":[{"@type":"SearchAction","target":{"@type":"EntryPoint","urlTemplate":"https:\/\/hausarzt-stmoritz.ch\/?s={search_term_string}"},"query-input":{"@type":"PropertyValueSpecification","valueRequired":true,"valueName":"search_term_string"}}],"inLanguage":"en-US"}]}},"_links":{"self":[{"href":"https:\/\/hausarzt-stmoritz.ch\/en\/wp-json\/wp\/v2\/pages\/2515","targetHints":{"allow":["GET"]}}],"collection":[{"href":"https:\/\/hausarzt-stmoritz.ch\/en\/wp-json\/wp\/v2\/pages"}],"about":[{"href":"https:\/\/hausarzt-stmoritz.ch\/en\/wp-json\/wp\/v2\/types\/page"}],"author":[{"embeddable":true,"href":"https:\/\/hausarzt-stmoritz.ch\/en\/wp-json\/wp\/v2\/users\/1"}],"replies":[{"embeddable":true,"href":"https:\/\/hausarzt-stmoritz.ch\/en\/wp-json\/wp\/v2\/comments?post=2515"}],"version-history":[{"count":16,"href":"https:\/\/hausarzt-stmoritz.ch\/en\/wp-json\/wp\/v2\/pages\/2515\/revisions"}],"predecessor-version":[{"id":3730,"href":"https:\/\/hausarzt-stmoritz.ch\/en\/wp-json\/wp\/v2\/pages\/2515\/revisions\/3730"}],"wp:attachment":[{"href":"https:\/\/hausarzt-stmoritz.ch\/en\/wp-json\/wp\/v2\/media?parent=2515"}],"curies":[{"name":"wp","href":"https:\/\/api.w.org\/{rel}","templated":true}]}}